{"id":261,"date":"2025-06-05T20:02:42","date_gmt":"2025-06-05T20:02:42","guid":{"rendered":"http:\/\/abadibabeabogados.es\/?page_id=261"},"modified":"2025-06-05T20:04:00","modified_gmt":"2025-06-05T20:04:00","slug":"politica-de-privacidad","status":"publish","type":"page","link":"https:\/\/abadibabeabogados.es\/?page_id=261","title":{"rendered":"Pol\u00edtica de Privacidad"},"content":{"rendered":"\n<p><br><br><strong>Pol\u00edtica de Privacidad<\/strong><\/p>\n\n\n\n<p>En cumplimiento del Reglamento (UE) 2016\/679 del Parlamento Europeo y del Consejo, de 27 de abril de 2016 (RGPD), le informamos de los siguientes aspectos:<\/p>\n\n\n\n<p><strong>Responsable del tratamiento<\/strong><\/p>\n\n\n\n<ul class=\"wp-block-list\">\n<li><strong>Nombre:<\/strong> Mar\u00eda Abad Ibabe<\/li>\n\n\n\n<li><strong>NIF:<\/strong> 23036589L<\/li>\n\n\n\n<li><strong>Domicilio:<\/strong> Calle Jaboner\u00edas 11, 2\u00ba, Cartagena, Murcia, Espa\u00f1a<\/li>\n\n\n\n<li><strong>Email de contacto:<\/strong> <a href=\"mailto:info@abadibabeabogados.es\">info@abadibabeabogados.es<\/a><\/li>\n\n\n\n<li><strong>Tel\u00e9fonos:<\/strong> (+34) 968 50 19 62 \/ 647 60 97 92<\/li>\n<\/ul>\n\n\n\n<p><strong>Finalidad del tratamiento<\/strong><\/p>\n\n\n\n<p>Gestionar las consultas recibidas a trav\u00e9s de los formularios de contacto, as\u00ed como cualquier otro tipo de interacci\u00f3n derivada de la navegaci\u00f3n por la web y la solicitud de informaci\u00f3n o servicios.<\/p>\n\n\n\n<p><strong>Legitimaci\u00f3n<\/strong><\/p>\n\n\n\n<p>La base legal para el tratamiento de sus datos es el consentimiento del interesado, que podr\u00e1 ser retirado en cualquier momento sin que ello afecte a la licitud del tratamiento previo a su retirada.<\/p>\n\n\n\n<p><strong>Conservaci\u00f3n de los datos<\/strong><\/p>\n\n\n\n<p>Los datos proporcionados se conservar\u00e1n durante el tiempo necesario para cumplir con la finalidad para la que se recabaron o durante los a\u00f1os necesarios para cumplir con las obligaciones legales.<\/p>\n\n\n\n<p><strong>Destinatarios<\/strong><\/p>\n\n\n\n<p>No se ceder\u00e1n datos a terceros, salvo obligaci\u00f3n legal.<\/p>\n\n\n\n<p><strong>Derechos<\/strong><\/p>\n\n\n\n<p>Usted tiene derecho a obtener confirmaci\u00f3n sobre si en Mar\u00eda Abad Ibabe se est\u00e1n tratando sus datos personales. Por tanto, tiene derecho a acceder a sus datos personales, rectificar los datos inexactos o solicitar su supresi\u00f3n cuando ya no sean necesarios. Tambi\u00e9n puede ejercer sus derechos de limitaci\u00f3n, portabilidad y oposici\u00f3n dirigi\u00e9ndose a <a href=\"mailto:info@abadibabeabogados.es\">info@abadibabeabogados.es<\/a>.<\/p>\n\n\n\n<p><strong>Medidas de seguridad<\/strong><\/p>\n\n\n\n<p>El responsable del tratamiento aplica las medidas t\u00e9cnicas y organizativas apropiadas para garantizar un nivel de seguridad adecuado al riesgo del tratamiento.<\/p>\n\n\n\n<p><\/p>\n","protected":false},"excerpt":{"rendered":"<p>Pol\u00edtica de Privacidad En cumplimiento del Reglamento (UE) 2016\/679 del Parlamento Europeo y del Consejo, de 27 de abril de 2016 (RGPD), le informamos de los siguientes aspectos: Responsable del tratamiento Finalidad del tratamiento Gestionar las consultas recibidas a trav\u00e9s de los formularios de contacto, as\u00ed como cualquier otro tipo de interacci\u00f3n derivada de la [&hellip;]<\/p>\n","protected":false},"author":1,"featured_media":0,"parent":0,"menu_order":0,"comment_status":"closed","ping_status":"closed","template":"","meta":{"footnotes":""},"class_list":["post-261","page","type-page","status-publish","hentry"],"yoast_head":"<!-- This site is optimized with the Yoast SEO plugin v25.2 - https:\/\/yoast.com\/wordpress\/plugins\/seo\/ -->\n<title>Pol\u00edtica de Privacidad - Abad Ibabe Abogados<\/title>\n<meta name=\"robots\" content=\"index, follow, max-snippet:-1, max-image-preview:large, max-video-preview:-1\" \/>\n<link rel=\"canonical\" href=\"https:\/\/abadibabeabogados.es\/?page_id=261\" \/>\n<meta property=\"og:locale\" content=\"es_ES\" \/>\n<meta property=\"og:type\" content=\"article\" \/>\n<meta property=\"og:title\" content=\"Pol\u00edtica de Privacidad - Abad Ibabe Abogados\" \/>\n<meta property=\"og:description\" content=\"Pol\u00edtica de Privacidad En cumplimiento del Reglamento (UE) 2016\/679 del Parlamento Europeo y del Consejo, de 27 de abril de 2016 (RGPD), le informamos de los siguientes aspectos: Responsable del tratamiento Finalidad del tratamiento Gestionar las consultas recibidas a trav\u00e9s de los formularios de contacto, as\u00ed como cualquier otro tipo de interacci\u00f3n derivada de la [&hellip;]\" \/>\n<meta property=\"og:url\" content=\"https:\/\/abadibabeabogados.es\/?page_id=261\" \/>\n<meta property=\"og:site_name\" content=\"Abad Ibabe Abogados\" \/>\n<meta property=\"article:modified_time\" content=\"2025-06-05T20:04:00+00:00\" \/>\n<meta name=\"twitter:card\" content=\"summary_large_image\" \/>\n<meta name=\"twitter:label1\" content=\"Tiempo de lectura\" \/>\n\t<meta name=\"twitter:data1\" content=\"1 minuto\" \/>\n<script type=\"application\/ld+json\" class=\"yoast-schema-graph\">{\"@context\":\"https:\/\/schema.org\",\"@graph\":[{\"@type\":\"WebPage\",\"@id\":\"https:\/\/abadibabeabogados.es\/?page_id=261\",\"url\":\"https:\/\/abadibabeabogados.es\/?page_id=261\",\"name\":\"Pol\u00edtica de Privacidad - Abad Ibabe Abogados\",\"isPartOf\":{\"@id\":\"https:\/\/abadibabeabogados.es\/#website\"},\"datePublished\":\"2025-06-05T20:02:42+00:00\",\"dateModified\":\"2025-06-05T20:04:00+00:00\",\"breadcrumb\":{\"@id\":\"https:\/\/abadibabeabogados.es\/?page_id=261#breadcrumb\"},\"inLanguage\":\"es\",\"potentialAction\":[{\"@type\":\"ReadAction\",\"target\":[\"https:\/\/abadibabeabogados.es\/?page_id=261\"]}]},{\"@type\":\"BreadcrumbList\",\"@id\":\"https:\/\/abadibabeabogados.es\/?page_id=261#breadcrumb\",\"itemListElement\":[{\"@type\":\"ListItem\",\"position\":1,\"name\":\"Portada\",\"item\":\"https:\/\/abadibabeabogados.es\/\"},{\"@type\":\"ListItem\",\"position\":2,\"name\":\"Pol\u00edtica de Privacidad\"}]},{\"@type\":\"WebSite\",\"@id\":\"https:\/\/abadibabeabogados.es\/#website\",\"url\":\"https:\/\/abadibabeabogados.es\/\",\"name\":\"Abad Ibabe Abogados\",\"description\":\"Abogada especializada en Derecho Civil y de Familia. Comprometida con una atenci\u00f3n cercana, clara y eficaz para defender tus derechos con rigor jur\u00eddico y sensibilidad humana.\",\"publisher\":{\"@id\":\"https:\/\/abadibabeabogados.es\/#organization\"},\"potentialAction\":[{\"@type\":\"SearchAction\",\"target\":{\"@type\":\"EntryPoint\",\"urlTemplate\":\"https:\/\/abadibabeabogados.es\/?s={search_term_string}\"},\"query-input\":{\"@type\":\"PropertyValueSpecification\",\"valueRequired\":true,\"valueName\":\"search_term_string\"}}],\"inLanguage\":\"es\"},{\"@type\":\"Organization\",\"@id\":\"https:\/\/abadibabeabogados.es\/#organization\",\"name\":\"Abad Ibabe Abogados\",\"url\":\"https:\/\/abadibabeabogados.es\/\",\"logo\":{\"@type\":\"ImageObject\",\"inLanguage\":\"es\",\"@id\":\"https:\/\/abadibabeabogados.es\/#\/schema\/logo\/image\/\",\"url\":\"https:\/\/abadibabeabogados.es\/wp-content\/uploads\/2025\/06\/Recurso-20@4x.png\",\"contentUrl\":\"https:\/\/abadibabeabogados.es\/wp-content\/uploads\/2025\/06\/Recurso-20@4x.png\",\"width\":1632,\"height\":158,\"caption\":\"Abad Ibabe Abogados\"},\"image\":{\"@id\":\"https:\/\/abadibabeabogados.es\/#\/schema\/logo\/image\/\"}}]}<\/script>\n<!-- \/ Yoast SEO plugin. -->","yoast_head_json":{"title":"Pol\u00edtica de Privacidad - Abad Ibabe Abogados","robots":{"index":"index","follow":"follow","max-snippet":"max-snippet:-1","max-image-preview":"max-image-preview:large","max-video-preview":"max-video-preview:-1"},"canonical":"https:\/\/abadibabeabogados.es\/?page_id=261","og_locale":"es_ES","og_type":"article","og_title":"Pol\u00edtica de Privacidad - Abad Ibabe Abogados","og_description":"Pol\u00edtica de Privacidad En cumplimiento del Reglamento (UE) 2016\/679 del Parlamento Europeo y del Consejo, de 27 de abril de 2016 (RGPD), le informamos de los siguientes aspectos: Responsable del tratamiento Finalidad del tratamiento Gestionar las consultas recibidas a trav\u00e9s de los formularios de contacto, as\u00ed como cualquier otro tipo de interacci\u00f3n derivada de la [&hellip;]","og_url":"https:\/\/abadibabeabogados.es\/?page_id=261","og_site_name":"Abad Ibabe Abogados","article_modified_time":"2025-06-05T20:04:00+00:00","twitter_card":"summary_large_image","twitter_misc":{"Tiempo de lectura":"1 minuto"},"schema":{"@context":"https:\/\/schema.org","@graph":[{"@type":"WebPage","@id":"https:\/\/abadibabeabogados.es\/?page_id=261","url":"https:\/\/abadibabeabogados.es\/?page_id=261","name":"Pol\u00edtica de Privacidad - Abad Ibabe Abogados","isPartOf":{"@id":"https:\/\/abadibabeabogados.es\/#website"},"datePublished":"2025-06-05T20:02:42+00:00","dateModified":"2025-06-05T20:04:00+00:00","breadcrumb":{"@id":"https:\/\/abadibabeabogados.es\/?page_id=261#breadcrumb"},"inLanguage":"es","potentialAction":[{"@type":"ReadAction","target":["https:\/\/abadibabeabogados.es\/?page_id=261"]}]},{"@type":"BreadcrumbList","@id":"https:\/\/abadibabeabogados.es\/?page_id=261#breadcrumb","itemListElement":[{"@type":"ListItem","position":1,"name":"Portada","item":"https:\/\/abadibabeabogados.es\/"},{"@type":"ListItem","position":2,"name":"Pol\u00edtica de Privacidad"}]},{"@type":"WebSite","@id":"https:\/\/abadibabeabogados.es\/#website","url":"https:\/\/abadibabeabogados.es\/","name":"Abad Ibabe Abogados","description":"Abogada especializada en Derecho Civil y de Familia. Comprometida con una atenci\u00f3n cercana, clara y eficaz para defender tus derechos con rigor jur\u00eddico y sensibilidad humana.","publisher":{"@id":"https:\/\/abadibabeabogados.es\/#organization"},"potentialAction":[{"@type":"SearchAction","target":{"@type":"EntryPoint","urlTemplate":"https:\/\/abadibabeabogados.es\/?s={search_term_string}"},"query-input":{"@type":"PropertyValueSpecification","valueRequired":true,"valueName":"search_term_string"}}],"inLanguage":"es"},{"@type":"Organization","@id":"https:\/\/abadibabeabogados.es\/#organization","name":"Abad Ibabe Abogados","url":"https:\/\/abadibabeabogados.es\/","logo":{"@type":"ImageObject","inLanguage":"es","@id":"https:\/\/abadibabeabogados.es\/#\/schema\/logo\/image\/","url":"https:\/\/abadibabeabogados.es\/wp-content\/uploads\/2025\/06\/Recurso-20@4x.png","contentUrl":"https:\/\/abadibabeabogados.es\/wp-content\/uploads\/2025\/06\/Recurso-20@4x.png","width":1632,"height":158,"caption":"Abad Ibabe Abogados"},"image":{"@id":"https:\/\/abadibabeabogados.es\/#\/schema\/logo\/image\/"}}]}},"_links":{"self":[{"href":"https:\/\/abadibabeabogados.es\/index.php?rest_route=\/wp\/v2\/pages\/261","targetHints":{"allow":["GET"]}}],"collection":[{"href":"https:\/\/abadibabeabogados.es\/index.php?rest_route=\/wp\/v2\/pages"}],"about":[{"href":"https:\/\/abadibabeabogados.es\/index.php?rest_route=\/wp\/v2\/types\/page"}],"author":[{"embeddable":true,"href":"https:\/\/abadibabeabogados.es\/index.php?rest_route=\/wp\/v2\/users\/1"}],"replies":[{"embeddable":true,"href":"https:\/\/abadibabeabogados.es\/index.php?rest_route=%2Fwp%2Fv2%2Fcomments&post=261"}],"version-history":[{"count":3,"href":"https:\/\/abadibabeabogados.es\/index.php?rest_route=\/wp\/v2\/pages\/261\/revisions"}],"predecessor-version":[{"id":264,"href":"https:\/\/abadibabeabogados.es\/index.php?rest_route=\/wp\/v2\/pages\/261\/revisions\/264"}],"wp:attachment":[{"href":"https:\/\/abadibabeabogados.es\/index.php?rest_route=%2Fwp%2Fv2%2Fmedia&parent=261"}],"curies":[{"name":"wp","href":"https:\/\/api.w.org\/{rel}","templated":true}]}}